{"id":81,"date":"2024-06-21T13:59:00","date_gmt":"2024-06-21T13:59:00","guid":{"rendered":"https:\/\/blastprocessor.de\/hempelmann\/?page_id=81"},"modified":"2024-06-21T14:00:37","modified_gmt":"2024-06-21T14:00:37","slug":"winterdienst","status":"publish","type":"page","link":"https:\/\/hempelmann-gase.de\/index.php\/winterdienst\/","title":{"rendered":"Winterdienst"},"content":{"rendered":"\t\t<div data-elementor-type=\"wp-page\" data-elementor-id=\"81\" class=\"elementor elementor-81\" data-elementor-post-type=\"page\">\n\t\t\t\t<div class=\"elementor-element elementor-element-f5f028d e-flex e-con-boxed e-con e-parent\" data-id=\"f5f028d\" data-element_type=\"container\">\n\t\t\t\t\t<div class=\"e-con-inner\">\n\t\t\t\t<div class=\"elementor-element elementor-element-6b714b3 elementor-widget elementor-widget-heading\" data-id=\"6b714b3\" data-element_type=\"widget\" data-widget_type=\"heading.default\">\n\t\t\t\t<div class=\"elementor-widget-container\">\n\t\t\t\t\t<h1 class=\"elementor-heading-title elementor-size-default\">Gewerblicher Winterdienst<\/h1>\t\t\t\t<\/div>\n\t\t\t\t<\/div>\n\t\t\t\t<div class=\"elementor-element elementor-element-941165a elementor-widget-divider--view-line elementor-widget elementor-widget-divider\" data-id=\"941165a\" data-element_type=\"widget\" data-widget_type=\"divider.default\">\n\t\t\t\t<div class=\"elementor-widget-container\">\n\t\t\t\t\t\t\t<div class=\"elementor-divider\">\n\t\t\t<span class=\"elementor-divider-separator\">\n\t\t\t\t\t\t<\/span>\n\t\t<\/div>\n\t\t\t\t\t\t<\/div>\n\t\t\t\t<\/div>\n\t\t\t\t<div class=\"elementor-element elementor-element-28c112d elementor-widget elementor-widget-text-editor\" data-id=\"28c112d\" data-element_type=\"widget\" data-widget_type=\"text-editor.default\">\n\t\t\t\t<div class=\"elementor-widget-container\">\n\t\t\t\t\t\t\t\t\t<p><strong>Bei Schneefall und eisigen Temperaturen herrscht Gl\u00e4ttegefahr!<br \/><\/strong><\/p><p>Mit unserem gewerblichen Winterdienst r\u00e4umen wir Ihre privaten oder gewerblichen Parkplatz- und Hoffl\u00e4chen von Schnee und Eis.<\/p><p>Mit unserem Service bieten wir Ihnen eine rutsch-, eis- und schneefreie Fl\u00e4che bereits vor Sonnenaufgang, denn bei pl\u00f6tzlichem Schneefall reagieren wir sofort. Dadurch ist unser Winterdienst rund um die Uhr f\u00fcr Sie erreichbar.<\/p><p>Informieren Sie sich \u00fcber unseren gewerblichen Winterdienst und rufen Sie uns an. Wir beraten Sie gerne.<\/p>\t\t\t\t\t\t\t\t<\/div>\n\t\t\t\t<\/div>\n\t\t\t\t<div class=\"elementor-element elementor-element-712006d elementor-widget elementor-widget-image\" data-id=\"712006d\" data-element_type=\"widget\" data-widget_type=\"image.default\">\n\t\t\t\t<div class=\"elementor-widget-container\">\n\t\t\t\t\t\t\t\t\t\t\t\t\t\t\t<img fetchpriority=\"high\" decoding=\"async\" width=\"800\" height=\"600\" src=\"https:\/\/hempelmann-gase.de\/wp-content\/uploads\/2024\/06\/Winterdienst_Sulo-1024x768.jpg\" class=\"attachment-large size-large wp-image-83\" alt=\"\" srcset=\"https:\/\/hempelmann-gase.de\/wp-content\/uploads\/2024\/06\/Winterdienst_Sulo-1024x768.jpg 1024w, https:\/\/hempelmann-gase.de\/wp-content\/uploads\/2024\/06\/Winterdienst_Sulo-300x225.jpg 300w, https:\/\/hempelmann-gase.de\/wp-content\/uploads\/2024\/06\/Winterdienst_Sulo-768x576.jpg 768w, https:\/\/hempelmann-gase.de\/wp-content\/uploads\/2024\/06\/Winterdienst_Sulo.jpg 1491w\" sizes=\"(max-width: 800px) 100vw, 800px\" \/>\t\t\t\t\t\t\t\t\t\t\t\t\t\t\t<\/div>\n\t\t\t\t<\/div>\n\t\t\t\t\t<\/div>\n\t\t\t\t<\/div>\n\t\t\t\t<\/div>\n\t\t","protected":false},"excerpt":{"rendered":"<p>Gewerblicher Winterdienst Bei Schneefall und eisigen Temperaturen herrscht Gl\u00e4ttegefahr! Mit unserem gewerblichen Winterdienst r\u00e4umen wir Ihre privaten oder gewerblichen Parkplatz- und Hoffl\u00e4chen von Schnee und Eis. Mit unserem Service bieten wir Ihnen eine rutsch-, eis- und schneefreie Fl\u00e4che bereits vor Sonnenaufgang, denn bei pl\u00f6tzlichem Schneefall reagieren wir sofort. Dadurch ist unser Winterdienst rund um die [&hellip;]<\/p>\n","protected":false},"author":1,"featured_media":0,"parent":0,"menu_order":0,"comment_status":"closed","ping_status":"closed","template":"","meta":{"footnotes":""},"class_list":["post-81","page","type-page","status-publish","hentry"],"_links":{"self":[{"href":"https:\/\/hempelmann-gase.de\/index.php\/wp-json\/wp\/v2\/pages\/81","targetHints":{"allow":["GET"]}}],"collection":[{"href":"https:\/\/hempelmann-gase.de\/index.php\/wp-json\/wp\/v2\/pages"}],"about":[{"href":"https:\/\/hempelmann-gase.de\/index.php\/wp-json\/wp\/v2\/types\/page"}],"author":[{"embeddable":true,"href":"https:\/\/hempelmann-gase.de\/index.php\/wp-json\/wp\/v2\/users\/1"}],"replies":[{"embeddable":true,"href":"https:\/\/hempelmann-gase.de\/index.php\/wp-json\/wp\/v2\/comments?post=81"}],"version-history":[{"count":4,"href":"https:\/\/hempelmann-gase.de\/index.php\/wp-json\/wp\/v2\/pages\/81\/revisions"}],"predecessor-version":[{"id":86,"href":"https:\/\/hempelmann-gase.de\/index.php\/wp-json\/wp\/v2\/pages\/81\/revisions\/86"}],"wp:attachment":[{"href":"https:\/\/hempelmann-gase.de\/index.php\/wp-json\/wp\/v2\/media?parent=81"}],"curies":[{"name":"wp","href":"https:\/\/api.w.org\/{rel}","templated":true}]}}